{"id":329,"date":"2025-09-10T21:43:34","date_gmt":"2025-09-10T19:43:34","guid":{"rendered":"https:\/\/tudatossportolo.hu\/?page_id=329"},"modified":"2025-12-11T11:25:45","modified_gmt":"2025-12-11T10:25:45","slug":"proba-fooldal","status":"publish","type":"page","link":"https:\/\/tudatossportolo.hu\/","title":{"rendered":"F\u0151oldal"},"content":{"rendered":"\t\t<div data-elementor-type=\"wp-page\" data-elementor-id=\"329\" class=\"elementor elementor-329\" data-elementor-post-type=\"page\">\n\t\t\t\t<div class=\"elementor-element elementor-element-3403a23 e-flex e-con-boxed e-con e-parent\" data-id=\"3403a23\" data-element_type=\"container\">\n\t\t\t\t\t<div class=\"e-con-inner\">\n\t\t\t\t<div class=\"elementor-element elementor-element-9231ebe elementor--h-position-center elementor--v-position-middle elementor-arrows-position-inside elementor-pagination-position-inside elementor-widget elementor-widget-slides\" data-id=\"9231ebe\" data-element_type=\"widget\" data-settings=\"{&quot;navigation&quot;:&quot;both&quot;,&quot;autoplay&quot;:&quot;yes&quot;,&quot;pause_on_hover&quot;:&quot;yes&quot;,&quot;pause_on_interaction&quot;:&quot;yes&quot;,&quot;autoplay_speed&quot;:5000,&quot;infinite&quot;:&quot;yes&quot;,&quot;transition&quot;:&quot;slide&quot;,&quot;transition_speed&quot;:500}\" data-widget_type=\"slides.default\">\n\t\t\t\t\t\t\t\t\t\t<div class=\"elementor-slides-wrapper elementor-main-swiper swiper\" role=\"region\" aria-roledescription=\"carousel\" aria-label=\"Men\u00fck\" dir=\"ltr\" data-animation=\"fadeInUp\">\n\t\t\t\t<div class=\"swiper-wrapper elementor-slides\">\n\t\t\t\t\t\t\t\t\t\t<div class=\"elementor-repeater-item-16a12f6 swiper-slide\" role=\"group\" aria-roledescription=\"slide\"><div class=\"swiper-slide-bg\"><\/div><div class=\"swiper-slide-inner\" ><div class=\"swiper-slide-contents\"><div class=\"elementor-slide-heading\">T\u00e1pl\u00e1lkoz\u00e1si \u00e9s \u00e9letm\u00f3d tan\u00e1csad\u00e1s<\/div><div class=\"elementor-slide-description\">Ismerd meg a csomagokat \u00e9s tal\u00e1ld meg a sz\u00e1modra megfelel\u0151t. Egyel\u0151re csak olvasgatn\u00e1l? Vagy egy kis \u00fatbaigaz\u00edt\u00e1s is el\u00e9g lenne? Esetleg teljes elhivatotts\u00e1ggal belevetn\u00e9d magad az \u00e9letm\u00f3dv\u00e1lt\u00e1sba?\nA d\u00f6nt\u00e9s a Ti\u00e9d, a megold\u00e1st t\u0151lem kapod.<\/div><a href=\"https:\/\/tudatossportolo.hu\/?page_id=385\" class=\"elementor-button elementor-slide-button elementor-size-sm\">\u00c1rak<\/a><\/div><\/div><\/div><div class=\"elementor-repeater-item-194aa33 swiper-slide\" role=\"group\" aria-roledescription=\"slide\"><div class=\"swiper-slide-bg\"><\/div><div class=\"swiper-slide-inner\" ><div class=\"swiper-slide-contents\"><div class=\"elementor-slide-heading\">Cikkek<\/div><div class=\"elementor-slide-description\">A t\u00e1pl\u00e1lkoz\u00e1sr\u00f3l olvasn\u00e1l? Esetleg az edz\u00e9sedet fejleszten\u00e9d? Vagy a prevenci\u00f3 \u00e9s regener\u00e1ci\u00f3 jelent\u0151s\u00e9g\u00e9r\u0151l \u00e9s m\u00f3dszereir\u0151l olvasn\u00e1l? Vagy egy kis ment\u00e1llis l\u00f6ketet keresel, hogy 100%-on p\u00f6r\u00f6ghess? V\u00e1logass kedvedre \u00e9s taposs a g\u00e1zra.<\/div><a href=\"https:\/\/tudatossportolo.hu\/?page_id=380\" class=\"elementor-button elementor-slide-button elementor-size-sm\">Olvass bele<\/a><\/div><\/div><\/div><div class=\"elementor-repeater-item-f08625f swiper-slide\" role=\"group\" aria-roledescription=\"slide\"><div class=\"swiper-slide-bg\"><\/div><div class=\"swiper-slide-inner\" ><div class=\"swiper-slide-contents\"><div class=\"elementor-slide-heading\">Bemutatkoz\u00e1s<\/div><div class=\"elementor-slide-description\">Kit\u0151l olvasod ezeket a sorokat? Hogyan j\u00f6tt l\u00e9tre a Tudatos Sportol\u00f3 \u00e9s mi a c\u00e9lom vele?<\/div><a href=\"https:\/\/tudatossportolo.hu\/?page_id=375\" class=\"elementor-button elementor-slide-button elementor-size-sm\">Ismerj meg<\/a><\/div><\/div><\/div>\t\t\t\t<\/div>\n\t\t\t\t\t\t\t\t\t\t\t\t\t\t\t<div class=\"elementor-swiper-button elementor-swiper-button-prev\" role=\"button\" tabindex=\"0\" aria-label=\"Previous slide\">\n\t\t\t\t\t\t\t<svg aria-hidden=\"true\" class=\"e-font-icon-svg e-eicon-chevron-left\" viewBox=\"0 0 1000 1000\" xmlns=\"http:\/\/www.w3.org\/2000\/svg\"><path d=\"M646 125C629 125 613 133 604 142L308 442C296 454 292 471 292 487 292 504 296 521 308 533L604 854C617 867 629 875 646 875 663 875 679 871 692 858 704 846 713 829 713 812 713 796 708 779 692 767L438 487 692 225C700 217 708 204 708 187 708 171 704 154 692 142 675 129 663 125 646 125Z\"><\/path><\/svg>\t\t\t\t\t\t<\/div>\n\t\t\t\t\t\t<div class=\"elementor-swiper-button elementor-swiper-button-next\" role=\"button\" tabindex=\"0\" aria-label=\"Next slide\">\n\t\t\t\t\t\t\t<svg aria-hidden=\"true\" class=\"e-font-icon-svg e-eicon-chevron-right\" viewBox=\"0 0 1000 1000\" xmlns=\"http:\/\/www.w3.org\/2000\/svg\"><path d=\"M696 533C708 521 713 504 713 487 713 471 708 454 696 446L400 146C388 133 375 125 354 125 338 125 325 129 313 142 300 154 292 171 292 187 292 204 296 221 308 233L563 492 304 771C292 783 288 800 288 817 288 833 296 850 308 863 321 871 338 875 354 875 371 875 388 867 400 854L696 533Z\"><\/path><\/svg>\t\t\t\t\t\t<\/div>\n\t\t\t\t\t\t\t\t\t\t\t\t\t\t\t\t<div class=\"swiper-pagination\"><\/div>\n\t\t\t\t\t\t\t\t\t\t\t\t<\/div>\n\t\t\t\t\t\t\t\t<\/div>\n\t\t\t\t\t<\/div>\n\t\t\t\t<\/div>\n\t\t<div class=\"elementor-element elementor-element-e11d828 e-flex e-con-boxed e-con e-parent\" data-id=\"e11d828\" data-element_type=\"container\">\n\t\t\t\t\t<div class=\"e-con-inner\">\n\t\t\t\t<div class=\"elementor-element elementor-element-a82cc6c elementor-widget elementor-widget-spacer\" data-id=\"a82cc6c\" data-element_type=\"widget\" data-widget_type=\"spacer.default\">\n\t\t\t\t\t\t\t<div class=\"elementor-spacer\">\n\t\t\t<div class=\"elementor-spacer-inner\"><\/div>\n\t\t<\/div>\n\t\t\t\t\t\t<\/div>\n\t\t\t\t\t<\/div>\n\t\t\t\t<\/div>\n\t\t<div class=\"elementor-element elementor-element-7ab71c0 e-flex e-con-boxed e-con e-parent\" data-id=\"7ab71c0\" data-element_type=\"container\">\n\t\t\t\t\t<div class=\"e-con-inner\">\n\t\t\t\t<div class=\"elementor-element elementor-element-47ba69e elementor-widget elementor-widget-heading\" data-id=\"47ba69e\" data-element_type=\"widget\" data-widget_type=\"heading.default\">\n\t\t\t\t\t<h2 class=\"elementor-heading-title elementor-size-default\">V\u00e1lts s\u00e1vot \u00e9s legy\u00e9l tudatos,  n\u00f6veld a sebess\u00e9ged \u00e9s l\u00e9pd \u00e1t a korl\u00e1taidat!<br><\/h2>\t\t\t\t<\/div>\n\t\t\t\t\t<\/div>\n\t\t\t\t<\/div>\n\t\t<div class=\"elementor-element elementor-element-ee809e6 e-flex e-con-boxed e-con e-parent\" data-id=\"ee809e6\" data-element_type=\"container\">\n\t\t\t\t\t<div class=\"e-con-inner\">\n\t\t\t\t<div class=\"elementor-element elementor-element-17be5c1 elementor-widget elementor-widget-text-editor\" data-id=\"17be5c1\" data-element_type=\"widget\" data-widget_type=\"text-editor.default\">\n\t\t\t\t\t\t\t\t\t<p>A mai vil\u00e1gban a c\u00e9ljaid el\u00e9r\u00e9s\u00e9hez m\u00e1r nem el\u00e9g az, hogy elv\u00e9gezd a k\u00f6telez\u0151t \u00e9s soha ne l\u00e9pj ki a komfort z\u00f3n\u00e1db\u00f3l. Minden nap sok apr\u00f3 d\u00f6nt\u00e9st kell meghoznod, ami el fogja d\u00f6nteni, hogy melyik csapatban j\u00e1tszol. Az \u00f6r\u00f6k lehet\u0151s\u00e9gek \u00e9s \u00edg\u00e9retek amit kifog\u00e1sok k\u00f6veznek vagy az el\u00e9rt sikerek \u00e9s a megval\u00f3sult c\u00e9lok, amelyeket a teljes tudatoss\u00e1g form\u00e1lt.<\/p><p>Cs\u00facsteljes\u00edtm\u00e9nyre t\u00f6rekszel? Vagy csak fogyn\u00e1l egy kicsit? Energikusan \u00e9s eg\u00e9szs\u00e9gesen akarsz \u00e9lni? Cselekedj! V\u00e1gyakoz\u00e1ssal m\u00e9g senki nem \u00e9rte el a k\u00edv\u00e1nt c\u00e9lt, de j\u00f3 helyen j\u00e1rsz ha el akarod \u00e9rni.<\/p><p>A sporttudom\u00e1ny folyamatos fejl\u0151d\u00e9s\u00e9vel egyre t\u00f6bbet tanulunk arr\u00f3l, hogy mi kell a sikerekhez. Hogyan fogj neki? Kihez fordulj seg\u00edts\u00e9g\u00e9rt? Mikre figyelj?<\/p>\t\t\t\t\t\t\t\t<\/div>\n\t\t\t\t\t<\/div>\n\t\t\t\t<\/div>\n\t\t<div class=\"elementor-element elementor-element-82e9080 e-flex e-con-boxed e-con e-parent\" data-id=\"82e9080\" data-element_type=\"container\">\n\t\t\t\t\t<div class=\"e-con-inner\">\n\t\t\t\t\t<\/div>\n\t\t\t\t<\/div>\n\t\t<div class=\"elementor-element elementor-element-e06d0b1 e-flex e-con-boxed e-con e-parent\" data-id=\"e06d0b1\" data-element_type=\"container\">\n\t\t\t\t\t<div class=\"e-con-inner\">\n\t\t\t\t<div class=\"elementor-element elementor-element-643f289 elementor-widget elementor-widget-heading\" data-id=\"643f289\" data-element_type=\"widget\" data-widget_type=\"heading.default\">\n\t\t\t\t\t<h2 class=\"elementor-heading-title elementor-size-default\">A Tudatos Sportol\u00f3t\u00f3l a k\u00f6vetkez\u0151ket kaphatod...<\/h2>\t\t\t\t<\/div>\n\t\t\t\t\t<\/div>\n\t\t\t\t<\/div>\n\t\t<div class=\"elementor-element elementor-element-269fc91 e-flex e-con-boxed e-con e-parent\" data-id=\"269fc91\" data-element_type=\"container\">\n\t\t\t\t\t<div class=\"e-con-inner\">\n\t\t\t\t<div class=\"elementor-element elementor-element-5128c97 elementor-widget elementor-widget-spacer\" data-id=\"5128c97\" data-element_type=\"widget\" data-widget_type=\"spacer.default\">\n\t\t\t\t\t\t\t<div class=\"elementor-spacer\">\n\t\t\t<div class=\"elementor-spacer-inner\"><\/div>\n\t\t<\/div>\n\t\t\t\t\t\t<\/div>\n\t\t\t\t\t<\/div>\n\t\t\t\t<\/div>\n\t\t<div class=\"elementor-element elementor-element-e660e0a e-grid e-con-full e-con e-parent\" data-id=\"e660e0a\" data-element_type=\"container\">\n\t\t<div class=\"elementor-element elementor-element-13abbff e-grid e-con-full e-con e-child\" data-id=\"13abbff\" data-element_type=\"container\">\n\t\t\t\t<div class=\"elementor-element elementor-element-a803a2b elementor-widget elementor-widget-image\" data-id=\"a803a2b\" data-element_type=\"widget\" data-widget_type=\"image.default\">\n\t\t\t\t\t\t\t\t\t\t\t\t<figure class=\"wp-caption\">\n\t\t\t\t\t\t\t\t\t\t<img decoding=\"async\" src=\"https:\/\/tudatossportolo.hu\/wp-content\/uploads\/elementor\/thumbs\/tudatos-sportolo_highlightok_TAPLALKOZAS-scaled-rbxhgvdokfhodj2oi4188ryoo3c134ybxk8pqfickg.jpg\" title=\"tudatos-sportolo_highlightok_TAPLALKOZAS\" alt=\"tudatos-sportolo_highlightok_TAPLALKOZAS\" loading=\"lazy\" \/>\t\t\t\t\t\t\t\t\t\t\t<figcaption class=\"widget-image-caption wp-caption-text\">Tudatos t\u00e1pl\u00e1lkoz\u00e1s<\/figcaption>\n\t\t\t\t\t\t\t\t\t\t<\/figure>\n\t\t\t\t\t\t\t\t\t<\/div>\n\t\t\t\t<div class=\"elementor-element elementor-element-c06b352 elementor-widget elementor-widget-image\" data-id=\"c06b352\" data-element_type=\"widget\" data-widget_type=\"image.default\">\n\t\t\t\t\t\t\t\t\t\t\t\t<figure class=\"wp-caption\">\n\t\t\t\t\t\t\t\t\t\t<img decoding=\"async\" src=\"https:\/\/tudatossportolo.hu\/wp-content\/uploads\/elementor\/thumbs\/tudatos-sportolo_highlightok_REGENERACIO-scaled-rbxhhwz85sx59xk2ekab0ih4fi6pn13leqc4xhylnk.jpg\" title=\"tudatos-sportolo_highlightok_REGENERACIO\" alt=\"tudatos-sportolo_highlightok_REGENERACIO\" loading=\"lazy\" \/>\t\t\t\t\t\t\t\t\t\t\t<figcaption class=\"widget-image-caption wp-caption-text\">Megfelel\u0151 regener\u00e1ci\u00f3<\/figcaption>\n\t\t\t\t\t\t\t\t\t\t<\/figure>\n\t\t\t\t\t\t\t\t\t<\/div>\n\t\t\t\t<div class=\"elementor-element elementor-element-f1088b4 elementor-widget elementor-widget-image\" data-id=\"f1088b4\" data-element_type=\"widget\" data-widget_type=\"image.default\">\n\t\t\t\t\t\t\t\t\t\t\t\t<figure class=\"wp-caption\">\n\t\t\t\t\t\t\t\t\t\t<img decoding=\"async\" src=\"https:\/\/tudatossportolo.hu\/wp-content\/uploads\/elementor\/thumbs\/tudatos-sportolo_highlightok_PREVENCIO-scaled-rbxhia4ythf5sh0y9pz2zf5kqwdumsju4jgxndf38g.jpg\" title=\"tudatos-sportolo_highlightok_PREVENCIO\" alt=\"tudatos-sportolo_highlightok_PREVENCIO\" loading=\"lazy\" \/>\t\t\t\t\t\t\t\t\t\t\t<figcaption class=\"widget-image-caption wp-caption-text\">Kell\u0151 prevenci\u00f3<\/figcaption>\n\t\t\t\t\t\t\t\t\t\t<\/figure>\n\t\t\t\t\t\t\t\t\t<\/div>\n\t\t\t\t<\/div>\n\t\t<div class=\"elementor-element elementor-element-f5cd4ee e-grid e-con-full e-con e-child\" data-id=\"f5cd4ee\" data-element_type=\"container\">\n\t\t\t\t<div class=\"elementor-element elementor-element-6e7a8ee elementor-widget elementor-widget-image\" data-id=\"6e7a8ee\" data-element_type=\"widget\" data-widget_type=\"image.default\">\n\t\t\t\t\t\t\t\t\t\t\t\t<figure class=\"wp-caption\">\n\t\t\t\t\t\t\t\t\t\t<img decoding=\"async\" src=\"https:\/\/tudatossportolo.hu\/wp-content\/uploads\/elementor\/thumbs\/tudatos-sportolo_highlightok_SPORTPSZICHOLOGIA-scaled-rbxhgj5s3l0y6lkfhgr2ud1oy309b2ltjvrehu0gtc.jpg\" title=\"tudatos-sportolo_highlightok_SPORTPSZICHOLOGIA\" alt=\"tudatos-sportolo_highlightok_SPORTPSZICHOLOGIA\" loading=\"lazy\" \/>\t\t\t\t\t\t\t\t\t\t\t<figcaption class=\"widget-image-caption wp-caption-text\">Ment\u00e1lis felk\u00e9sz\u00fclts\u00e9g<\/figcaption>\n\t\t\t\t\t\t\t\t\t\t<\/figure>\n\t\t\t\t\t\t\t\t\t<\/div>\n\t\t\t\t<div class=\"elementor-element elementor-element-b0b6d8e elementor-widget elementor-widget-image\" data-id=\"b0b6d8e\" data-element_type=\"widget\" data-widget_type=\"image.default\">\n\t\t\t\t\t\t\t\t\t\t\t\t<figure class=\"wp-caption\">\n\t\t\t\t\t\t\t\t\t\t<img decoding=\"async\" src=\"https:\/\/tudatossportolo.hu\/wp-content\/uploads\/elementor\/thumbs\/tudatos-sportolo_highlightok_EDZES-scaled-rbxhimcvabvvzej7ad98du2kgwpmeuwci7y8vywyzk.jpg\" title=\"tudatos-sportolo_highlightok_EDZES\" alt=\"tudatos-sportolo_highlightok_EDZES\" loading=\"lazy\" \/>\t\t\t\t\t\t\t\t\t\t\t<figcaption class=\"widget-image-caption wp-caption-text\">C\u00e9lir\u00e1nyos edz\u00e9s<\/figcaption>\n\t\t\t\t\t\t\t\t\t\t<\/figure>\n\t\t\t\t\t\t\t\t\t<\/div>\n\t\t\t\t<div class=\"elementor-element elementor-element-6c63227 elementor-widget elementor-widget-image\" data-id=\"6c63227\" data-element_type=\"widget\" data-widget_type=\"image.default\">\n\t\t\t\t\t\t\t\t\t\t\t\t<figure class=\"wp-caption\">\n\t\t\t\t\t\t\t\t\t\t<img decoding=\"async\" src=\"https:\/\/tudatossportolo.hu\/wp-content\/uploads\/elementor\/thumbs\/tudatos-sportolo_highlightok_KERDEZZ-FELELEK-scaled-rbxhhlp5vshpem0g8fes6lblavqb2nutd6ib66fbq8.jpg\" title=\"tudatos-sportolo_highlightok_KERDEZZ-FELELEK\" alt=\"tudatos-sportolo_highlightok_KERDEZZ-FELELEK\" loading=\"lazy\" \/>\t\t\t\t\t\t\t\t\t\t\t<figcaption class=\"widget-image-caption wp-caption-text\">Legfrissebb tanulm\u00e1nyok<\/figcaption>\n\t\t\t\t\t\t\t\t\t\t<\/figure>\n\t\t\t\t\t\t\t\t\t<\/div>\n\t\t\t\t<\/div>\n\t\t\t\t<\/div>\n\t\t<div class=\"elementor-element elementor-element-bfd0ff1 e-flex e-con-boxed e-con e-parent\" data-id=\"bfd0ff1\" data-element_type=\"container\">\n\t\t\t\t\t<div class=\"e-con-inner\">\n\t\t\t\t\t<\/div>\n\t\t\t\t<\/div>\n\t\t<div class=\"elementor-element elementor-element-34c648c e-flex e-con-boxed e-con e-parent\" data-id=\"34c648c\" data-element_type=\"container\">\n\t\t\t\t\t<div class=\"e-con-inner\">\n\t\t\t\t<div class=\"elementor-element elementor-element-8839d62 elementor-widget elementor-widget-spacer\" data-id=\"8839d62\" data-element_type=\"widget\" data-widget_type=\"spacer.default\">\n\t\t\t\t\t\t\t<div class=\"elementor-spacer\">\n\t\t\t<div class=\"elementor-spacer-inner\"><\/div>\n\t\t<\/div>\n\t\t\t\t\t\t<\/div>\n\t\t\t\t\t<\/div>\n\t\t\t\t<\/div>\n\t\t<div class=\"elementor-element elementor-element-ce05805 e-flex e-con-boxed e-con e-parent\" data-id=\"ce05805\" data-element_type=\"container\">\n\t\t\t\t\t<div class=\"e-con-inner\">\n\t\t\t\t<div class=\"elementor-element elementor-element-e3d0d41 elementor-widget elementor-widget-spacer\" data-id=\"e3d0d41\" data-element_type=\"widget\" data-widget_type=\"spacer.default\">\n\t\t\t\t\t\t\t<div class=\"elementor-spacer\">\n\t\t\t<div class=\"elementor-spacer-inner\"><\/div>\n\t\t<\/div>\n\t\t\t\t\t\t<\/div>\n\t\t\t\t\t<\/div>\n\t\t\t\t<\/div>\n\t\t\t\t<\/div>\n\t\t","protected":false},"excerpt":{"rendered":"<p>T\u00e1pl\u00e1lkoz\u00e1si \u00e9s \u00e9letm\u00f3d tan\u00e1csad\u00e1sIsmerd meg a csomagokat \u00e9s tal\u00e1ld meg a sz\u00e1modra megfelel\u0151t. Egyel\u0151re csak olvasgatn\u00e1l? Vagy egy kis \u00fatbaigaz\u00edt\u00e1s [&hellip;]<\/p>\n","protected":false},"author":1,"featured_media":0,"parent":0,"menu_order":0,"comment_status":"closed","ping_status":"closed","template":"","meta":{"site-sidebar-layout":"default","site-content-layout":"","ast-site-content-layout":"default","site-content-style":"default","site-sidebar-style":"default","ast-global-header-display":"","ast-banner-title-visibility":"","ast-main-header-display":"","ast-hfb-above-header-display":"","ast-hfb-below-header-display":"","ast-hfb-mobile-header-display":"","site-post-title":"disabled","ast-breadcrumbs-content":"","ast-featured-img":"","footer-sml-layout":"","ast-disable-related-posts":"","theme-transparent-header-meta":"","adv-header-id-meta":"","stick-header-meta":"","header-above-stick-meta":"","header-main-stick-meta":"","header-below-stick-meta":"","astra-migrate-meta-layouts":"default","ast-page-background-enabled":"default","ast-page-background-meta":{"desktop":{"background-color":"var(--ast-global-color-5)","background-image":"","background-repeat":"repeat","background-position":"center center","background-size":"auto","background-attachment":"scroll","background-type":"","background-media":"","overlay-type":"","overlay-color":"","overlay-opacity":"","overlay-gradient":""},"tablet":{"background-color":"","background-image":"","background-repeat":"repeat","background-position":"center center","background-size":"auto","background-attachment":"scroll","background-type":"","background-media":"","overlay-type":"","overlay-color":"","overlay-opacity":"","overlay-gradient":""},"mobile":{"background-color":"","background-image":"","background-repeat":"repeat","background-position":"center center","background-size":"auto","background-attachment":"scroll","background-type":"","background-media":"","overlay-type":"","overlay-color":"","overlay-opacity":"","overlay-gradient":""}},"ast-content-background-meta":{"desktop":{"background-color":"var(--ast-global-color-4)","background-image":"","background-repeat":"repeat","background-position":"center center","background-size":"auto","background-attachment":"scroll","background-type":"","background-media":"","overlay-type":"","overlay-color":"","overlay-opacity":"","overlay-gradient":""},"tablet":{"background-color":"var(--ast-global-color-4)","background-image":"","background-repeat":"repeat","background-position":"center center","background-size":"auto","background-attachment":"scroll","background-type":"","background-media":"","overlay-type":"","overlay-color":"","overlay-opacity":"","overlay-gradient":""},"mobile":{"background-color":"var(--ast-global-color-4)","background-image":"","background-repeat":"repeat","background-position":"center center","background-size":"auto","background-attachment":"scroll","background-type":"","background-media":"","overlay-type":"","overlay-color":"","overlay-opacity":"","overlay-gradient":""}},"footnotes":""},"class_list":["post-329","page","type-page","status-publish","hentry"],"_links":{"self":[{"href":"https:\/\/tudatossportolo.hu\/index.php?rest_route=\/wp\/v2\/pages\/329","targetHints":{"allow":["GET"]}}],"collection":[{"href":"https:\/\/tudatossportolo.hu\/index.php?rest_route=\/wp\/v2\/pages"}],"about":[{"href":"https:\/\/tudatossportolo.hu\/index.php?rest_route=\/wp\/v2\/types\/page"}],"author":[{"embeddable":true,"href":"https:\/\/tudatossportolo.hu\/index.php?rest_route=\/wp\/v2\/users\/1"}],"replies":[{"embeddable":true,"href":"https:\/\/tudatossportolo.hu\/index.php?rest_route=%2Fwp%2Fv2%2Fcomments&post=329"}],"version-history":[{"count":67,"href":"https:\/\/tudatossportolo.hu\/index.php?rest_route=\/wp\/v2\/pages\/329\/revisions"}],"predecessor-version":[{"id":695,"href":"https:\/\/tudatossportolo.hu\/index.php?rest_route=\/wp\/v2\/pages\/329\/revisions\/695"}],"wp:attachment":[{"href":"https:\/\/tudatossportolo.hu\/index.php?rest_route=%2Fwp%2Fv2%2Fmedia&parent=329"}],"curies":[{"name":"wp","href":"https:\/\/api.w.org\/{rel}","templated":true}]}}