{"id":531,"date":"2025-09-25T17:21:38","date_gmt":"2025-09-25T15:21:38","guid":{"rendered":"https:\/\/tudatossportolo.hu\/?page_id=531"},"modified":"2025-09-25T20:48:59","modified_gmt":"2025-09-25T18:48:59","slug":"kapcsolat","status":"publish","type":"page","link":"https:\/\/tudatossportolo.hu\/?page_id=531","title":{"rendered":"Kapcsolat"},"content":{"rendered":"\t\t<div data-elementor-type=\"wp-page\" data-elementor-id=\"531\" class=\"elementor elementor-531\" data-elementor-post-type=\"page\">\n\t\t\t\t<div class=\"elementor-element elementor-element-7b8da2e e-flex e-con-boxed e-con e-parent\" data-id=\"7b8da2e\" data-element_type=\"container\">\n\t\t\t\t\t<div class=\"e-con-inner\">\n\t\t\t\t<div class=\"elementor-element elementor-element-29bea12 elementor-widget elementor-widget-heading\" data-id=\"29bea12\" data-element_type=\"widget\" data-widget_type=\"heading.default\">\n\t\t\t\t\t<h2 class=\"elementor-heading-title elementor-size-default\">Kapcsolat<\/h2>\t\t\t\t<\/div>\n\t\t\t\t\t<\/div>\n\t\t\t\t<\/div>\n\t\t<div class=\"elementor-element elementor-element-046ea2a e-grid e-con-boxed e-con e-parent\" data-id=\"046ea2a\" data-element_type=\"container\">\n\t\t\t\t\t<div class=\"e-con-inner\">\n\t\t\t\t<div class=\"elementor-element elementor-element-605fb02 elementor-widget elementor-widget-text-editor\" data-id=\"605fb02\" data-element_type=\"widget\" data-widget_type=\"text-editor.default\">\n\t\t\t\t\t\t\t\t\t<p>A tudatossportolo.hu weboldalt az \u00c1rvai D\u00e1niel E.V \u00fczemelteti.<\/p><p>A t\u00e1rhelyet \u00e9s a szervereket a NetMasters Kft. biztos\u00edtja.<\/p><p><strong>Email: <em>info@tudatossportolo.hu<\/em><\/strong><\/p><p>Tel.: <em>+3630 955 0834<\/em><\/p><p>Sz\u00e9khely \u00e9s C\u00edm: <em>2800 Tatab\u00e1nya, Kossuth Lajos u. 69<\/em><\/p><p><a href=\"https:\/\/www.facebook.com\/tudatossportolo\/\" target=\"_blank\" rel=\"noopener\">&#8211; Ugr\u00e1s a facebook oldalra &#8211;<\/a><\/p><p><a href=\"https:\/\/www.instagram.com\/tudatossportolo.hu\/\" target=\"_blank\" rel=\"noopener\">&#8211; Ugr\u00e1s az Insta oldalra &#8211;<\/a><\/p>\t\t\t\t\t\t\t\t<\/div>\n\t\t\t\t<div class=\"elementor-element elementor-element-6a89cdb elementor-widget elementor-widget-google_maps\" data-id=\"6a89cdb\" data-element_type=\"widget\" data-widget_type=\"google_maps.default\">\n\t\t\t\t\t\t\t<div class=\"elementor-custom-embed\">\n\t\t\t<iframe loading=\"lazy\"\n\t\t\t\t\tsrc=\"https:\/\/maps.google.com\/maps?q=Tatab%C3%A1nya%20Kossuth%20Lajos%20u.%2069.&#038;t=m&#038;z=13&#038;output=embed&#038;iwloc=near\"\n\t\t\t\t\ttitle=\"Tatab\u00e1nya Kossuth Lajos u. 69.\"\n\t\t\t\t\taria-label=\"Tatab\u00e1nya Kossuth Lajos u. 69.\"\n\t\t\t><\/iframe>\n\t\t<\/div>\n\t\t\t\t\t\t<\/div>\n\t\t\t\t\t<\/div>\n\t\t\t\t<\/div>\n\t\t\t\t<\/div>\n\t\t","protected":false},"excerpt":{"rendered":"<p>Kapcsolat A tudatossportolo.hu weboldalt az \u00c1rvai D\u00e1niel E.V \u00fczemelteti. A t\u00e1rhelyet \u00e9s a szervereket a NetMasters Kft. biztos\u00edtja. Email: info@tudatossportolo.hu [&hellip;]<\/p>\n","protected":false},"author":1,"featured_media":0,"parent":0,"menu_order":0,"comment_status":"closed","ping_status":"closed","template":"","meta":{"site-sidebar-layout":"no-sidebar","site-content-layout":"","ast-site-content-layout":"full-width-container","site-content-style":"default","site-sidebar-style":"default","ast-global-header-display":"","ast-banner-title-visibility":"","ast-main-header-display":"","ast-hfb-above-header-display":"","ast-hfb-below-header-display":"","ast-hfb-mobile-header-display":"","site-post-title":"disabled","ast-breadcrumbs-content":"","ast-featured-img":"disabled","footer-sml-layout":"","ast-disable-related-posts":"","theme-transparent-header-meta":"","adv-header-id-meta":"","stick-header-meta":"","header-above-stick-meta":"","header-main-stick-meta":"","header-below-stick-meta":"","astra-migrate-meta-layouts":"default","ast-page-background-enabled":"default","ast-page-background-meta":{"desktop":{"background-color":"var(--ast-global-color-5)","background-image":"","background-repeat":"repeat","background-position":"center center","background-size":"auto","background-attachment":"scroll","background-type":"","background-media":"","overlay-type":"","overlay-color":"","overlay-opacity":"","overlay-gradient":""},"tablet":{"background-color":"","background-image":"","background-repeat":"repeat","background-position":"center center","background-size":"auto","background-attachment":"scroll","background-type":"","background-media":"","overlay-type":"","overlay-color":"","overlay-opacity":"","overlay-gradient":""},"mobile":{"background-color":"","background-image":"","background-repeat":"repeat","background-position":"center center","background-size":"auto","background-attachment":"scroll","background-type":"","background-media":"","overlay-type":"","overlay-color":"","overlay-opacity":"","overlay-gradient":""}},"ast-content-background-meta":{"desktop":{"background-color":"var(--ast-global-color-4)","background-image":"","background-repeat":"repeat","background-position":"center center","background-size":"auto","background-attachment":"scroll","background-type":"","background-media":"","overlay-type":"","overlay-color":"","overlay-opacity":"","overlay-gradient":""},"tablet":{"background-color":"var(--ast-global-color-4)","background-image":"","background-repeat":"repeat","background-position":"center center","background-size":"auto","background-attachment":"scroll","background-type":"","background-media":"","overlay-type":"","overlay-color":"","overlay-opacity":"","overlay-gradient":""},"mobile":{"background-color":"var(--ast-global-color-4)","background-image":"","background-repeat":"repeat","background-position":"center center","background-size":"auto","background-attachment":"scroll","background-type":"","background-media":"","overlay-type":"","overlay-color":"","overlay-opacity":"","overlay-gradient":""}},"footnotes":""},"class_list":["post-531","page","type-page","status-publish","hentry"],"_links":{"self":[{"href":"https:\/\/tudatossportolo.hu\/index.php?rest_route=\/wp\/v2\/pages\/531","targetHints":{"allow":["GET"]}}],"collection":[{"href":"https:\/\/tudatossportolo.hu\/index.php?rest_route=\/wp\/v2\/pages"}],"about":[{"href":"https:\/\/tudatossportolo.hu\/index.php?rest_route=\/wp\/v2\/types\/page"}],"author":[{"embeddable":true,"href":"https:\/\/tudatossportolo.hu\/index.php?rest_route=\/wp\/v2\/users\/1"}],"replies":[{"embeddable":true,"href":"https:\/\/tudatossportolo.hu\/index.php?rest_route=%2Fwp%2Fv2%2Fcomments&post=531"}],"version-history":[{"count":22,"href":"https:\/\/tudatossportolo.hu\/index.php?rest_route=\/wp\/v2\/pages\/531\/revisions"}],"predecessor-version":[{"id":600,"href":"https:\/\/tudatossportolo.hu\/index.php?rest_route=\/wp\/v2\/pages\/531\/revisions\/600"}],"wp:attachment":[{"href":"https:\/\/tudatossportolo.hu\/index.php?rest_route=%2Fwp%2Fv2%2Fmedia&parent=531"}],"curies":[{"name":"wp","href":"https:\/\/api.w.org\/{rel}","templated":true}]}}