{"id":566,"date":"2025-09-25T18:09:09","date_gmt":"2025-09-25T16:09:09","guid":{"rendered":"https:\/\/tudatossportolo.hu\/?page_id=566"},"modified":"2025-09-25T21:08:57","modified_gmt":"2025-09-25T19:08:57","slug":"adatkezelesi-tajekozato","status":"publish","type":"page","link":"https:\/\/tudatossportolo.hu\/?page_id=566","title":{"rendered":"Adatkezel\u00e9si t\u00e1j\u00e9kozat\u00f3"},"content":{"rendered":"\t\t<div data-elementor-type=\"wp-page\" data-elementor-id=\"566\" class=\"elementor elementor-566\" data-elementor-post-type=\"page\">\n\t\t\t\t<div class=\"elementor-element elementor-element-bcdcc4e e-flex e-con-boxed e-con e-parent\" data-id=\"bcdcc4e\" data-element_type=\"container\">\n\t\t\t\t\t<div class=\"e-con-inner\">\n\t\t\t\t<div class=\"elementor-element elementor-element-10205a6 elementor-widget elementor-widget-heading\" data-id=\"10205a6\" data-element_type=\"widget\" data-widget_type=\"heading.default\">\n\t\t\t\t\t<h2 class=\"elementor-heading-title elementor-size-default\">Adatkezel\u00e9si t\u00e1j\u00e9kozat\u00f3<\/h2>\t\t\t\t<\/div>\n\t\t\t\t\t<\/div>\n\t\t\t\t<\/div>\n\t\t<div class=\"elementor-element elementor-element-dd62c39 e-flex e-con-boxed e-con e-parent\" data-id=\"dd62c39\" data-element_type=\"container\">\n\t\t\t\t\t<div class=\"e-con-inner\">\n\t\t\t\t<div class=\"elementor-element elementor-element-6e737f6 elementor-widget elementor-widget-text-editor\" data-id=\"6e737f6\" data-element_type=\"widget\" data-widget_type=\"text-editor.default\">\n\t\t\t\t\t\t\t\t\t<h3 data-start=\"376\" data-end=\"405\">1. Az adatkezel\u0151 adatai<\/h3><ul data-start=\"406\" data-end=\"624\"><li data-start=\"406\" data-end=\"470\"><p data-start=\"408\" data-end=\"470\"><strong data-start=\"408\" data-end=\"424\">N\u00e9v \/ C\u00e9gn\u00e9v<\/strong>: \u00c1rvai D\u00e1niel E.V<\/p><\/li><li data-start=\"471\" data-end=\"511\"><p data-start=\"473\" data-end=\"511\"><strong data-start=\"473\" data-end=\"502\">Sz\u00e9khely \/ levelez\u00e9si c\u00edm<\/strong>: 2800 Tatab\u00e1nya, Kossuth Lajos u. 69.<\/p><\/li><li data-start=\"512\" data-end=\"541\"><p data-start=\"514\" data-end=\"541\"><strong data-start=\"514\" data-end=\"524\">E-mail<\/strong>: arvai143@gmail.com<\/p><\/li><li data-start=\"542\" data-end=\"574\"><p data-start=\"544\" data-end=\"574\"><strong data-start=\"544\" data-end=\"555\">Telefon<\/strong>: +3630 955 0834<\/p><\/li><li data-start=\"575\" data-end=\"624\"><p data-start=\"577\" data-end=\"624\"><strong data-start=\"577\" data-end=\"605\">Ad\u00f3sz\u00e1m \/ C\u00e9gjegyz\u00e9ksz\u00e1m<\/strong>: 91303549-1-31<\/p><\/li><\/ul><h3 data-start=\"631\" data-end=\"660\">2. Az adatkezel\u00e9s c\u00e9lja<\/h3><ul data-start=\"661\" data-end=\"808\"><li data-start=\"661\" data-end=\"737\"><p data-start=\"663\" data-end=\"737\">Kapcsolatfelv\u00e9tel biztos\u00edt\u00e1sa a weboldalon tal\u00e1lhat\u00f3 \u0171rlap seg\u00edts\u00e9g\u00e9vel.<\/p><\/li><li data-start=\"738\" data-end=\"808\"><p data-start=\"740\" data-end=\"808\">H\u00edrlev\u00e9l k\u00fcld\u00e9se azok sz\u00e1m\u00e1ra, akik kifejezetten feliratkoztak r\u00e1.<\/p><\/li><\/ul><h3 data-start=\"815\" data-end=\"844\">3. A kezelt adatok k\u00f6re<\/h3><ul data-start=\"845\" data-end=\"1017\"><li data-start=\"845\" data-end=\"944\"><p data-start=\"847\" data-end=\"944\">Kapcsolatfelv\u00e9teli \u0171rlapn\u00e1l: n\u00e9v (k\u00f6telez\u0151), e-mail c\u00edm (k\u00f6telez\u0151), telefonsz\u00e1m (nem k\u00f6telez\u0151).<\/p><\/li><li data-start=\"945\" data-end=\"1017\"><p data-start=\"947\" data-end=\"1017\">H\u00edrlev\u00e9l feliratkoz\u00e1sn\u00e1l: e-mail c\u00edm (k\u00f6telez\u0151), n\u00e9v (nem k\u00f6telez\u0151).<\/p><\/li><\/ul><h3 data-start=\"1024\" data-end=\"1057\">4. Az adatkezel\u00e9s jogalapja<\/h3><ul data-start=\"1058\" data-end=\"1323\"><li data-start=\"1058\" data-end=\"1132\"><p data-start=\"1060\" data-end=\"1132\">Kapcsolatfelv\u00e9teln\u00e9l: az \u00e9rintett hozz\u00e1j\u00e1rul\u00e1sa (GDPR 6. cikk (1) a)).<\/p><\/li><li data-start=\"1133\" data-end=\"1323\"><p data-start=\"1135\" data-end=\"1323\">H\u00edrlev\u00e9l eset\u00e9n: az \u00e9rintett el\u0151zetes, egy\u00e9rtelm\u0171 hozz\u00e1j\u00e1rul\u00e1sa (GDPR 6. cikk (1) a), valamint az elektronikus kereskedelmi t\u00f6rv\u00e9ny \u00e9s a gazdas\u00e1gi rekl\u00e1mt\u00f6rv\u00e9ny vonatkoz\u00f3 rendelkez\u00e9sei).<\/p><\/li><\/ul><h3 data-start=\"1330\" data-end=\"1364\">5. Az adatkezel\u00e9s id\u0151tartama<\/h3><ul data-start=\"1365\" data-end=\"1557\"><li data-start=\"1365\" data-end=\"1489\"><p data-start=\"1367\" data-end=\"1489\">Kapcsolatfelv\u00e9tel eset\u00e9n: a kapcsolatfelv\u00e9telt\u0151l sz\u00e1m\u00edtott maximum 1 \u00e9vig, vagy az \u00e9rintett t\u00f6rl\u00e9si k\u00e9relm\u00e9ig.<\/p><\/li><li data-start=\"1490\" data-end=\"1557\"><p data-start=\"1492\" data-end=\"1557\">H\u00edrlev\u00e9l eset\u00e9n: a hozz\u00e1j\u00e1rul\u00e1s visszavon\u00e1s\u00e1ig (leiratkoz\u00e1sig).<\/p><\/li><\/ul><h3 data-start=\"1564\" data-end=\"1601\">6. Az adatokhoz hozz\u00e1f\u00e9r\u0151k k\u00f6re<\/h3><p data-start=\"1602\" data-end=\"1729\">Az adatokhoz kiz\u00e1r\u00f3lag az adatkezel\u0151 (\u00e9s sz\u00fcks\u00e9g eset\u00e9n a t\u00e1rhelyszolg\u00e1ltat\u00f3, illetve a h\u00edrlev\u00e9lk\u00fcld\u0151 szolg\u00e1ltat\u00f3) f\u00e9r hozz\u00e1.<\/p><h3 data-start=\"1736\" data-end=\"1760\">7. Adatfeldolgoz\u00f3k<\/h3><ul data-start=\"1761\" data-end=\"2101\"><li data-start=\"1761\" data-end=\"1881\"><p data-start=\"1763\" data-end=\"1787\"><strong data-start=\"1763\" data-end=\"1785\">T\u00e1rhelyszolg\u00e1ltat\u00f3<\/strong><\/p><ul data-start=\"1790\" data-end=\"1881\"><li data-start=\"1790\" data-end=\"1824\"><p data-start=\"1792\" data-end=\"1824\">N\u00e9v: NetMasters Kft.<\/p><\/li><li data-start=\"1827\" data-end=\"1861\"><p data-start=\"1829\" data-end=\"1861\">C\u00edm: 1105 Budapest, Cserkesz u. 32.<\/p><\/li><li data-start=\"1864\" data-end=\"1881\"><p data-start=\"1866\" data-end=\"1881\">Web: www.netmasters.hu<\/p><\/li><\/ul><\/li><li data-start=\"1883\" data-end=\"2101\"><p data-start=\"1885\" data-end=\"2001\"><strong data-start=\"1885\" data-end=\"1914\">H\u00edrlev\u00e9lk\u00fcld\u0151 szolg\u00e1ltat\u00f3<\/strong><\/p><ul data-start=\"2004\" data-end=\"2101\"><li data-start=\"2004\" data-end=\"2031\"><p data-start=\"2006\" data-end=\"2031\">N\u00e9v: &#8211;<\/p><\/li><li data-start=\"2034\" data-end=\"2063\"><p data-start=\"2036\" data-end=\"2063\">Web: &#8211;<\/p><\/li><li data-start=\"2066\" data-end=\"2101\"><p data-start=\"2068\" data-end=\"2101\">Adatv\u00e9delmi t\u00e1j\u00e9koztat\u00f3: &#8211;<\/p><\/li><\/ul><\/li><\/ul><h3 data-start=\"2108\" data-end=\"2136\">8. Az \u00e9rintettek jogai<\/h3><p data-start=\"2137\" data-end=\"2171\">Az \u00e9rintettek b\u00e1rmikor k\u00e9rhetik:<\/p><ul data-start=\"2172\" data-end=\"2319\"><li data-start=\"2172\" data-end=\"2214\"><p data-start=\"2174\" data-end=\"2214\">szem\u00e9lyes adataikhoz val\u00f3 hozz\u00e1f\u00e9r\u00e9st,<\/p><\/li><li data-start=\"2215\" data-end=\"2232\"><p data-start=\"2217\" data-end=\"2232\">helyesb\u00edt\u00e9st,<\/p><\/li><li data-start=\"2233\" data-end=\"2245\"><p data-start=\"2235\" data-end=\"2245\">t\u00f6rl\u00e9st,<\/p><\/li><li data-start=\"2246\" data-end=\"2278\"><p data-start=\"2248\" data-end=\"2278\">az adatkezel\u00e9s korl\u00e1toz\u00e1s\u00e1t,<\/p><\/li><li data-start=\"2279\" data-end=\"2319\"><p data-start=\"2281\" data-end=\"2319\">tiltakozhatnak az adatkezel\u00e9s ellen.<\/p><\/li><\/ul><p data-start=\"2321\" data-end=\"2437\"><strong data-start=\"2321\" data-end=\"2340\">H\u00edrlev\u00e9l eset\u00e9n<\/strong>: az \u00e9rintett b\u00e1rmikor <strong data-start=\"2363\" data-end=\"2391\">d\u00edjmentesen leiratkozhat<\/strong>, a h\u00edrlev\u00e9lben tal\u00e1lhat\u00f3 link seg\u00edts\u00e9g\u00e9vel.<\/p><p data-start=\"2439\" data-end=\"2457\">Jog\u00e9rv\u00e9nyes\u00edt\u00e9s:<\/p><ul data-start=\"2458\" data-end=\"2694\"><li data-start=\"2458\" data-end=\"2518\"><p data-start=\"2460\" data-end=\"2518\">Az adatkezel\u0151h\u00f6z lehet fordulni a fenti el\u00e9rhet\u0151s\u00e9geken.<\/p><\/li><li data-start=\"2519\" data-end=\"2694\"><p data-start=\"2521\" data-end=\"2600\">Panasz eset\u00e9n a Nemzeti Adatv\u00e9delmi \u00e9s Inform\u00e1ci\u00f3szabads\u00e1g Hat\u00f3s\u00e1ghoz (NAIH):<\/p><ul data-start=\"2603\" data-end=\"2694\"><li data-start=\"2603\" data-end=\"2648\"><p data-start=\"2605\" data-end=\"2648\">C\u00edm: 1055 Budapest, Falk Miksa utca 9-11.<\/p><\/li><li data-start=\"2651\" data-end=\"2694\"><p data-start=\"2653\" data-end=\"2694\">Web: <a class=\"decorated-link cursor-pointer\" target=\"_new\" rel=\"noopener\" data-start=\"2658\" data-end=\"2692\">https:\/\/naih.hu<\/a><\/p><\/li><\/ul><\/li><\/ul><h3 data-start=\"2701\" data-end=\"2729\">9. Egy\u00e9b rendelkez\u00e9sek<\/h3><p data-start=\"2730\" data-end=\"2867\">Az adatokat az adatkezel\u0151 biztons\u00e1gosan kezeli, \u00e9s minden sz\u00fcks\u00e9ges technikai \u00e9s szervez\u00e9si int\u00e9zked\u00e9st megtesz azok v\u00e9delme \u00e9rdek\u00e9ben.<\/p>\t\t\t\t\t\t\t\t<\/div>\n\t\t\t\t\t<\/div>\n\t\t\t\t<\/div>\n\t\t\t\t<\/div>\n\t\t","protected":false},"excerpt":{"rendered":"<p>Adatkezel\u00e9si t\u00e1j\u00e9kozat\u00f3 1. Az adatkezel\u0151 adatai N\u00e9v \/ C\u00e9gn\u00e9v: \u00c1rvai D\u00e1niel E.V Sz\u00e9khely \/ levelez\u00e9si c\u00edm: 2800 Tatab\u00e1nya, Kossuth Lajos [&hellip;]<\/p>\n","protected":false},"author":1,"featured_media":0,"parent":0,"menu_order":0,"comment_status":"closed","ping_status":"closed","template":"","meta":{"site-sidebar-layout":"no-sidebar","site-content-layout":"","ast-site-content-layout":"full-width-container","site-content-style":"default","site-sidebar-style":"default","ast-global-header-display":"","ast-banner-title-visibility":"","ast-main-header-display":"","ast-hfb-above-header-display":"","ast-hfb-below-header-display":"","ast-hfb-mobile-header-display":"","site-post-title":"disabled","ast-breadcrumbs-content":"","ast-featured-img":"disabled","footer-sml-layout":"","ast-disable-related-posts":"","theme-transparent-header-meta":"","adv-header-id-meta":"","stick-header-meta":"","header-above-stick-meta":"","header-main-stick-meta":"","header-below-stick-meta":"","astra-migrate-meta-layouts":"default","ast-page-background-enabled":"default","ast-page-background-meta":{"desktop":{"background-color":"var(--ast-global-color-5)","background-image":"","background-repeat":"repeat","background-position":"center center","background-size":"auto","background-attachment":"scroll","background-type":"","background-media":"","overlay-type":"","overlay-color":"","overlay-opacity":"","overlay-gradient":""},"tablet":{"background-color":"","background-image":"","background-repeat":"repeat","background-position":"center center","background-size":"auto","background-attachment":"scroll","background-type":"","background-media":"","overlay-type":"","overlay-color":"","overlay-opacity":"","overlay-gradient":""},"mobile":{"background-color":"","background-image":"","background-repeat":"repeat","background-position":"center center","background-size":"auto","background-attachment":"scroll","background-type":"","background-media":"","overlay-type":"","overlay-color":"","overlay-opacity":"","overlay-gradient":""}},"ast-content-background-meta":{"desktop":{"background-color":"var(--ast-global-color-4)","background-image":"","background-repeat":"repeat","background-position":"center center","background-size":"auto","background-attachment":"scroll","background-type":"","background-media":"","overlay-type":"","overlay-color":"","overlay-opacity":"","overlay-gradient":""},"tablet":{"background-color":"var(--ast-global-color-4)","background-image":"","background-repeat":"repeat","background-position":"center center","background-size":"auto","background-attachment":"scroll","background-type":"","background-media":"","overlay-type":"","overlay-color":"","overlay-opacity":"","overlay-gradient":""},"mobile":{"background-color":"var(--ast-global-color-4)","background-image":"","background-repeat":"repeat","background-position":"center center","background-size":"auto","background-attachment":"scroll","background-type":"","background-media":"","overlay-type":"","overlay-color":"","overlay-opacity":"","overlay-gradient":""}},"footnotes":""},"class_list":["post-566","page","type-page","status-publish","hentry"],"_links":{"self":[{"href":"https:\/\/tudatossportolo.hu\/index.php?rest_route=\/wp\/v2\/pages\/566","targetHints":{"allow":["GET"]}}],"collection":[{"href":"https:\/\/tudatossportolo.hu\/index.php?rest_route=\/wp\/v2\/pages"}],"about":[{"href":"https:\/\/tudatossportolo.hu\/index.php?rest_route=\/wp\/v2\/types\/page"}],"author":[{"embeddable":true,"href":"https:\/\/tudatossportolo.hu\/index.php?rest_route=\/wp\/v2\/users\/1"}],"replies":[{"embeddable":true,"href":"https:\/\/tudatossportolo.hu\/index.php?rest_route=%2Fwp%2Fv2%2Fcomments&post=566"}],"version-history":[{"count":16,"href":"https:\/\/tudatossportolo.hu\/index.php?rest_route=\/wp\/v2\/pages\/566\/revisions"}],"predecessor-version":[{"id":616,"href":"https:\/\/tudatossportolo.hu\/index.php?rest_route=\/wp\/v2\/pages\/566\/revisions\/616"}],"wp:attachment":[{"href":"https:\/\/tudatossportolo.hu\/index.php?rest_route=%2Fwp%2Fv2%2Fmedia&parent=566"}],"curies":[{"name":"wp","href":"https:\/\/api.w.org\/{rel}","templated":true}]}}